{"id":20,"date":"2025-10-02T06:27:46","date_gmt":"2025-10-02T06:27:46","guid":{"rendered":"https:\/\/www.pregencolombia.com\/site\/tamizaje-neonatal\/"},"modified":"2026-04-21T16:26:19","modified_gmt":"2026-04-21T16:26:19","slug":"pregen-ampliado","status":"publish","type":"page","link":"https:\/\/www.pregencolombia.com\/site\/pregen-ampliado\/","title":{"rendered":"Pregen Ampliado"},"content":{"rendered":"\t\t<div data-elementor-type=\"wp-page\" data-elementor-id=\"20\" class=\"elementor elementor-20\" data-elementor-post-type=\"page\">\n\t\t\t\t<div class=\"elementor-element elementor-element-95361bb e-flex e-con-boxed e-con e-parent\" data-id=\"95361bb\" data-element_type=\"container\" data-e-type=\"container\">\n\t\t\t\t\t<div class=\"e-con-inner\">\n\t\t<div class=\"elementor-element elementor-element-8073092 e-con-full e-flex e-con e-child\" data-id=\"8073092\" data-element_type=\"container\" data-e-type=\"container\">\n\t\t\t\t<div class=\"elementor-element elementor-element-3f0883f elementor-widget elementor-widget-heading\" data-id=\"3f0883f\" data-element_type=\"widget\" data-e-type=\"widget\" data-widget_type=\"heading.default\">\n\t\t\t\t\t<p class=\"elementor-heading-title elementor-size-default\">servicios<\/p>\t\t\t\t<\/div>\n\t\t\t\t\t\n<hr class=\"e-70a8bfa-d668108 e-divider-base\" data-interaction-id=\"70a8bfa\"   \/>\n\t\t\t\t<div class=\"elementor-element elementor-element-84e5e47 elementor-widget elementor-widget-heading\" data-id=\"84e5e47\" data-element_type=\"widget\" data-e-type=\"widget\" data-widget_type=\"heading.default\">\n\t\t\t\t\t<h2 class=\"elementor-heading-title elementor-size-default\">Tamizaje Neonatal Ampliado<\/h2>\t\t\t\t<\/div>\n\t\t\t\t<div class=\"elementor-element elementor-element-be280a0 elementor-widget elementor-widget-heading\" data-id=\"be280a0\" data-element_type=\"widget\" data-e-type=\"widget\" data-widget_type=\"heading.default\">\n\t\t\t\t\t<h2 class=\"elementor-heading-title elementor-size-default\">PREGEN AMPLIADO<\/h2>\t\t\t\t<\/div>\n\t\t\t\t<\/div>\n\t\t\t\t\t<\/div>\n\t\t\t\t<\/div>\n\t\t<div class=\"elementor-element elementor-element-a53c707 e-con-full e-flex e-con e-parent\" data-id=\"a53c707\" data-element_type=\"container\" data-e-type=\"container\" data-settings=\"{&quot;background_background&quot;:&quot;classic&quot;}\">\n\t\t<div class=\"elementor-element elementor-element-262108c e-con-full e-flex e-con e-child\" data-id=\"262108c\" data-element_type=\"container\" data-e-type=\"container\" data-settings=\"{&quot;background_background&quot;:&quot;classic&quot;}\">\n\t\t\t\t<div class=\"elementor-element elementor-element-4feb239 elementor-widget-tablet__width-initial elementor-widget elementor-widget-image\" data-id=\"4feb239\" data-element_type=\"widget\" data-e-type=\"widget\" data-widget_type=\"image.default\">\n\t\t\t\t\t\t\t\t\t\t\t\t\t\t\t<img fetchpriority=\"high\" decoding=\"async\" data-attachment-id=\"1577\" data-permalink=\"https:\/\/www.pregencolombia.com\/site\/?attachment_id=1577\" data-orig-file=\"https:\/\/i0.wp.com\/www.pregencolombia.com\/site\/wp-content\/uploads\/2025\/12\/3.png?fit=800%2C800&amp;ssl=1\" data-orig-size=\"800,800\" data-comments-opened=\"1\" data-image-meta=\"{&quot;aperture&quot;:&quot;0&quot;,&quot;credit&quot;:&quot;&quot;,&quot;camera&quot;:&quot;&quot;,&quot;caption&quot;:&quot;&quot;,&quot;created_timestamp&quot;:&quot;0&quot;,&quot;copyright&quot;:&quot;&quot;,&quot;focal_length&quot;:&quot;0&quot;,&quot;iso&quot;:&quot;0&quot;,&quot;shutter_speed&quot;:&quot;0&quot;,&quot;title&quot;:&quot;&quot;,&quot;orientation&quot;:&quot;0&quot;}\" data-image-title=\"3\" data-image-description=\"\" data-image-caption=\"\" data-large-file=\"https:\/\/i0.wp.com\/www.pregencolombia.com\/site\/wp-content\/uploads\/2025\/12\/3.png?fit=800%2C800&amp;ssl=1\" width=\"800\" height=\"800\" src=\"https:\/\/i0.wp.com\/www.pregencolombia.com\/site\/wp-content\/uploads\/2025\/12\/3.png?fit=800%2C800&amp;ssl=1\" class=\"attachment-large size-large wp-image-1577\" alt=\"\" srcset=\"https:\/\/www.pregencolombia.com\/site\/wp-content\/uploads\/2025\/12\/3.png 800w, https:\/\/www.pregencolombia.com\/site\/wp-content\/uploads\/2025\/12\/3-300x300.png 300w, https:\/\/www.pregencolombia.com\/site\/wp-content\/uploads\/2025\/12\/3-150x150.png 150w, https:\/\/www.pregencolombia.com\/site\/wp-content\/uploads\/2025\/12\/3-768x768.png 768w, https:\/\/www.pregencolombia.com\/site\/wp-content\/uploads\/2025\/12\/3-700x700.png 700w, https:\/\/www.pregencolombia.com\/site\/wp-content\/uploads\/2025\/12\/3-600x600.png 600w, https:\/\/www.pregencolombia.com\/site\/wp-content\/uploads\/2025\/12\/3-100x100.png 100w\" sizes=\"(max-width: 800px) 100vw, 800px\" data-attachment-id=\"1577\" data-permalink=\"https:\/\/www.pregencolombia.com\/site\/?attachment_id=1577\" data-orig-file=\"https:\/\/i0.wp.com\/www.pregencolombia.com\/site\/wp-content\/uploads\/2025\/12\/3.png?fit=800%2C800&amp;ssl=1\" data-orig-size=\"800,800\" data-comments-opened=\"1\" data-image-meta=\"{&quot;aperture&quot;:&quot;0&quot;,&quot;credit&quot;:&quot;&quot;,&quot;camera&quot;:&quot;&quot;,&quot;caption&quot;:&quot;&quot;,&quot;created_timestamp&quot;:&quot;0&quot;,&quot;copyright&quot;:&quot;&quot;,&quot;focal_length&quot;:&quot;0&quot;,&quot;iso&quot;:&quot;0&quot;,&quot;shutter_speed&quot;:&quot;0&quot;,&quot;title&quot;:&quot;&quot;,&quot;orientation&quot;:&quot;0&quot;}\" data-image-title=\"3\" data-image-description=\"\" data-image-caption=\"\" data-large-file=\"https:\/\/i0.wp.com\/www.pregencolombia.com\/site\/wp-content\/uploads\/2025\/12\/3.png?fit=800%2C800&amp;ssl=1\" \/>\t\t\t\t\t\t\t\t\t\t\t\t\t\t\t<\/div>\n\t\t\t\t<div class=\"elementor-element elementor-element-88e733c elementor-widget-tablet__width-initial elementor-widget elementor-widget-text-editor\" data-id=\"88e733c\" data-element_type=\"widget\" data-e-type=\"widget\" data-widget_type=\"text-editor.default\">\n\t\t\t\t\t\t\t\t\t<p>Es una ampliaci\u00f3n del tamizaje tradicional para detectar m\u00e1s de 30 enfermedades metab\u00f3licas\u00a0 \u00a0 (amino\u00e1cidos, \u00e1cidos org\u00e1nicos y oxidaci\u00f3n de \u00e1cidos grasos), a trav\u00e9s de una muestra de tal\u00f3n enviada a nuestros laboratorios aliados: Tennesse Department of Health en Nashville, Estados Unidos y Archimed life &#8211; Medical Laboratory Services en Viena, Austria.<\/p>\t\t\t\t\t\t\t\t<\/div>\n\t\t<div class=\"elementor-element elementor-element-a884d09 e-con-full e-flex e-con e-child\" data-id=\"a884d09\" data-element_type=\"container\" data-e-type=\"container\">\n\t\t\t\t<div class=\"elementor-element elementor-element-96fc9ca elementor-align-center elementor-widget__width-initial elementor-mobile-align-justify elementor-widget elementor-widget-button\" data-id=\"96fc9ca\" data-element_type=\"widget\" data-e-type=\"widget\" data-widget_type=\"button.default\">\n\t\t\t\t\t\t\t\t\t\t<a class=\"elementor-button elementor-button-link elementor-size-sm\" href=\"https:\/\/www.pregencolombia.com\/site\/citas\/\">\n\t\t\t\t\t\t<span class=\"elementor-button-content-wrapper\">\n\t\t\t\t\t\t\t\t\t<span class=\"elementor-button-text\">agendar cita<\/span>\n\t\t\t\t\t<\/span>\n\t\t\t\t\t<\/a>\n\t\t\t\t\t\t\t\t<\/div>\n\t\t\t\t<div class=\"elementor-element elementor-element-50b0629 elementor-align-center elementor-widget__width-initial elementor-mobile-align-justify elementor-widget elementor-widget-button\" data-id=\"50b0629\" data-element_type=\"widget\" data-e-type=\"widget\" data-widget_type=\"button.default\">\n\t\t\t\t\t\t\t\t\t\t<a class=\"elementor-button elementor-button-link elementor-size-sm\" href=\"https:\/\/www.pregencolombia.com\/site\/product\/pregen-ampliado\/\">\n\t\t\t\t\t\t<span class=\"elementor-button-content-wrapper\">\n\t\t\t\t\t\t\t\t\t<span class=\"elementor-button-text\">PAGAR EX\u00c1MEN<\/span>\n\t\t\t\t\t<\/span>\n\t\t\t\t\t<\/a>\n\t\t\t\t\t\t\t\t<\/div>\n\t\t\t\t<\/div>\n\t\t\t\t<\/div>\n\t\t<div class=\"elementor-element elementor-element-37017fe e-con-full e-flex e-con e-child\" data-id=\"37017fe\" data-element_type=\"container\" data-e-type=\"container\">\n\t\t<div class=\"elementor-element elementor-element-82da4bc e-con-full e-flex e-con e-child\" data-id=\"82da4bc\" data-element_type=\"container\" data-e-type=\"container\">\n\t\t\t\t<div class=\"elementor-element elementor-element-154cd94 elementor-widget elementor-widget-heading\" data-id=\"154cd94\" data-element_type=\"widget\" data-e-type=\"widget\" data-widget_type=\"heading.default\">\n\t\t\t\t\t<h2 class=\"elementor-heading-title elementor-size-default\">Proceso en PREGEN<\/h2>\t\t\t\t<\/div>\n\t\t\t\t<div class=\"elementor-element elementor-element-7bb601d elementor-widget elementor-widget-text-editor\" data-id=\"7bb601d\" data-element_type=\"widget\" data-e-type=\"widget\" data-widget_type=\"text-editor.default\">\n\t\t\t\t\t\t\t\t\t<p><strong>Tiempo de entrega de resultados:<\/strong> 15 d\u00edas despu\u00e9s de la toma de la muestra.<\/p><p>\u00a0Si los resultados de este examen no son normales, nos comunicaremos telef\u00f3nicamente con ustedes y\/o la cl\u00ednica\/hospital donde fue tomada la muestra, lo m\u00e1s pronto posible, para efectuar ex\u00e1menes complementarios.<\/p><p><b>CONSULTA<\/b><\/p><p>Podr\u00e1 acceder a estos a trav\u00e9s de nuestro m\u00f3dulo\u00a0\u00a0<a href=\"http:\/\/www.pregencolombia.com\/gexam\/\" target=\"_blank\" rel=\"noopener\"><b>CONSULTAR RESULTADOS<\/b><\/a>.<\/p><p><strong>Usuario y Contrase\u00f1a:<\/strong>\u00a0<\/p><p>N\u00b0 de c\u00e9dula de ciudadan\u00eda\/TI de la madre.<\/p>\t\t\t\t\t\t\t\t<\/div>\n\t\t\t\t<div class=\"elementor-element elementor-element-4c62fe4 elementor-widget elementor-widget-text-editor\" data-id=\"4c62fe4\" data-element_type=\"widget\" data-e-type=\"widget\" data-widget_type=\"text-editor.default\">\n\t\t\t\t\t\t\t\t\t<p>*En caso de no poder acceder a sus resultados, por favor comunicarse a<\/p><p><span class=\"elementor-icon-list-text\">3187350883 | 3166172534<\/span><\/p><p><span class=\"elementor-icon-list-text\">atencionusuarios@pregencolombia.com<\/span><\/p>\t\t\t\t\t\t\t\t<\/div>\n\t\t\t\t<\/div>\n\t\t\t\t<div class=\"elementor-element elementor-element-f3c82b8 elementor-position-inline-start animated-slow elementor-view-default elementor-mobile-position-block-start elementor-invisible elementor-widget elementor-widget-icon-box\" data-id=\"f3c82b8\" data-element_type=\"widget\" data-e-type=\"widget\" data-settings=\"{&quot;_animation&quot;:&quot;fadeIn&quot;,&quot;_animation_delay&quot;:&quot;300&quot;}\" data-widget_type=\"icon-box.default\">\n\t\t\t\t\t\t\t<div class=\"elementor-icon-box-wrapper\">\n\n\t\t\t\t\t\t<div class=\"elementor-icon-box-icon\">\n\t\t\t\t<span  class=\"elementor-icon elementor-animation-grow\">\n\t\t\t\t<svg xmlns=\"http:\/\/www.w3.org\/2000\/svg\" width=\"43\" height=\"43\" viewBox=\"0 0 43 43\" fill=\"none\"><circle cx=\"21.5\" cy=\"21.5\" r=\"21.5\" fill=\"url(#paint0_linear_215_3257)\"><\/circle><defs><linearGradient id=\"paint0_linear_215_3257\" x1=\"21.5\" y1=\"0\" x2=\"21.5\" y2=\"43\" gradientUnits=\"userSpaceOnUse\"><stop stop-color=\"#F8C3D0\"><\/stop><stop offset=\"1\" stop-color=\"#FF27F6\" stop-opacity=\"0\"><\/stop><\/linearGradient><\/defs><\/svg>\t\t\t\t<\/span>\n\t\t\t<\/div>\n\t\t\t\n\t\t\t\t\t\t<div class=\"elementor-icon-box-content\">\n\n\t\t\t\t\t\t\t\t\t<h3 class=\"elementor-icon-box-title\">\n\t\t\t\t\t\t<span  >\n\t\t\t\t\t\t\tM\u00e1s informaci\u00f3n\t\t\t\t\t\t<\/span>\n\t\t\t\t\t<\/h3>\n\t\t\t\t\n\t\t\t\t\t\t\t\t\t<p class=\"elementor-icon-box-description\">\n\t\t\t\t\t\tDescarga nuestro documento informativo para consultar el listado completo de enfermedades detectadas en este ex\u00e1men.\t\t\t\t\t<\/p>\n\t\t\t\t\n\t\t\t<\/div>\n\t\t\t\n\t\t<\/div>\n\t\t\t\t\t\t<\/div>\n\t\t\t\t<div class=\"elementor-element elementor-element-ab51d82 elementor-align-center elementor-widget elementor-widget-button\" data-id=\"ab51d82\" data-element_type=\"widget\" data-e-type=\"widget\" data-widget_type=\"button.default\">\n\t\t\t\t\t\t\t\t\t\t<a class=\"elementor-button elementor-button-link elementor-size-sm\" href=\"https:\/\/www.pregencolombia.com\/site\/wp-content\/uploads\/2026\/04\/Tamizaje-neonatal-pregen-ampliado.pdf\" target=\"_blank\">\n\t\t\t\t\t\t<span class=\"elementor-button-content-wrapper\">\n\t\t\t\t\t\t<span class=\"elementor-button-icon\">\n\t\t\t\t<svg aria-hidden=\"true\" class=\"e-font-icon-svg e-far-file-pdf\" viewBox=\"0 0 384 512\" xmlns=\"http:\/\/www.w3.org\/2000\/svg\"><path d=\"M369.9 97.9L286 14C277 5 264.8-.1 252.1-.1H48C21.5 0 0 21.5 0 48v416c0 26.5 21.5 48 48 48h288c26.5 0 48-21.5 48-48V131.9c0-12.7-5.1-25-14.1-34zM332.1 128H256V51.9l76.1 76.1zM48 464V48h160v104c0 13.3 10.7 24 24 24h104v288H48zm250.2-143.7c-12.2-12-47-8.7-64.4-6.5-17.2-10.5-28.7-25-36.8-46.3 3.9-16.1 10.1-40.6 5.4-56-4.2-26.2-37.8-23.6-42.6-5.9-4.4 16.1-.4 38.5 7 67.1-10 23.9-24.9 56-35.4 74.4-20 10.3-47 26.2-51 46.2-3.3 15.8 26 55.2 76.1-31.2 22.4-7.4 46.8-16.5 68.4-20.1 18.9 10.2 41 17 55.8 17 25.5 0 28-28.2 17.5-38.7zm-198.1 77.8c5.1-13.7 24.5-29.5 30.4-35-19 30.3-30.4 35.7-30.4 35zm81.6-190.6c7.4 0 6.7 32.1 1.8 40.8-4.4-13.9-4.3-40.8-1.8-40.8zm-24.4 136.6c9.7-16.9 18-37 24.7-54.7 8.3 15.1 18.9 27.2 30.1 35.5-20.8 4.3-38.9 13.1-54.8 19.2zm131.6-5s-5 6-37.3-7.8c35.1-2.6 40.9 5.4 37.3 7.8z\"><\/path><\/svg>\t\t\t<\/span>\n\t\t\t\t\t\t\t\t\t<span class=\"elementor-button-text\">pregen ampliado<\/span>\n\t\t\t\t\t<\/span>\n\t\t\t\t\t<\/a>\n\t\t\t\t\t\t\t\t<\/div>\n\t\t\t\t<\/div>\n\t\t\t\t<\/div>\n\t\t\t\t<\/div>\n\t\t","protected":false},"excerpt":{"rendered":"<p>servicios &lt;h2&gt;Tamizaje Neonatal Ampliado&lt;\/h2&gt; &lt;h2&gt;PREGEN AMPLIADO&lt;\/h2&gt; &lt;img width=\u00bb800&#8243; height=\u00bb800&#8243; src=\u00bbhttps:\/\/www.pregencolombia.com\/site\/wp-content\/uploads\/2025\/12\/3.png\u00bb alt=\u00bb\u00bb srcset=\u00bbhttps:\/\/i0.wp.com\/www.pregencolombia.com\/site\/wp-content\/uploads\/2025\/12\/3.png?w=800&amp;ssl=1 800w, https:\/\/i0.wp.com\/www.pregencolombia.com\/site\/wp-content\/uploads\/2025\/12\/3.png?resize=300%2C300&amp;ssl=1 300w, https:\/\/i0.wp.com\/www.pregencolombia.com\/site\/wp-content\/uploads\/2025\/12\/3.png?resize=150%2C150&amp;ssl=1 150w, https:\/\/i0.wp.com\/www.pregencolombia.com\/site\/wp-content\/uploads\/2025\/12\/3.png?resize=768%2C768&amp;ssl=1 768w, https:\/\/i0.wp.com\/www.pregencolombia.com\/site\/wp-content\/uploads\/2025\/12\/3.png?resize=700%2C700&amp;ssl=1 700w, https:\/\/i0.wp.com\/www.pregencolombia.com\/site\/wp-content\/uploads\/2025\/12\/3.png?resize=600%2C600&amp;ssl=1 600w, https:\/\/i0.wp.com\/www.pregencolombia.com\/site\/wp-content\/uploads\/2025\/12\/3.png?resize=100%2C100&amp;ssl=1 100w\u00bb sizes=\u00bb(max-width: 800px) 100vw, 800px\u00bb \/&gt; &lt;p&gt;Es una ampliaci\u00f3n del tamizaje tradicional para detectar m\u00e1s de 30 enfermedades metab\u00f3licas\u00a0 \u00a0 (amino\u00e1cidos, \u00e1cidos org\u00e1nicos y oxidaci\u00f3n de \u00e1cidos grasos), a trav\u00e9s de [&hellip;]<\/p>\n","protected":false},"author":1,"featured_media":0,"parent":0,"menu_order":0,"comment_status":"closed","ping_status":"closed","template":"","meta":{"footnotes":""},"class_list":["post-20","page","type-page","status-publish","hentry"],"jetpack_sharing_enabled":true,"jetpack-related-posts":[{"id":870,"url":"https:\/\/www.pregencolombia.com\/site\/pagos-online\/","url_meta":{"origin":20,"position":0},"title":"Pagos online","author":"katzarabanda","date":"10\/24\/2025","format":false,"excerpt":"<h2>Pague sus ex\u00e1menes en l\u00ednea<\/h2> Adem\u00e1s de los pagos en efectivo y con tarjetas de cr\u00e9dito y d\u00e9bito en nuestras instalaciones, en PREGEN le brindamos la opci\u00f3n de pagar sus ex\u00e1menes en l\u00ednea a trav\u00e9s de transferencia bancaria a Bancolombia y Davivienda.<\/p> <img width=\"798\" height=\"1414\" src=\"https:\/\/www.pregencolombia.com\/site\/wp-content\/uploads\/2025\/12\/Screenshot-2025-12-23-at-3.35.18-p.m.png\" alt=\"\" srcset=\"https:\/\/i0.wp.com\/www.pregencolombia.com\/site\/wp-content\/uploads\/2025\/12\/Screenshot-2025-12-23-at-3.35.18-p.m.png?w=798&ssl=1 798w, https:\/\/i0.wp.com\/www.pregencolombia.com\/site\/wp-content\/uploads\/2025\/12\/Screenshot-2025-12-23-at-3.35.18-p.m.png?resize=169%2C300&ssl=1\u2026","rel":"","context":"Entrada similar","block_context":{"text":"Entrada similar","link":""},"img":{"alt_text":"","src":"https:\/\/i0.wp.com\/www.pregencolombia.com\/site\/wp-content\/uploads\/2021\/04\/1200px-Davivienda_logo.svg-1024x362.png?resize=350%2C200&ssl=1","width":350,"height":200},"classes":[]},{"id":874,"url":"https:\/\/www.pregencolombia.com\/site\/tamizaje-visual\/","url_meta":{"origin":20,"position":1},"title":"Tamizaje Visual","author":"katzarabanda","date":"10\/24\/2025","format":false,"excerpt":"servicios <h2>Tamizaje Visual<\/h2> <img data-interaction-id=\"a2b0c2c\" data-interactions=\"&#x5B;&#x5D;\" id=\"1580\" src=\"https:\/\/www.pregencolombia.com\/site\/wp-content\/uploads\/2025\/12\/6.png\" width=\"800\" height=\"800\" srcset=\"https:\/\/i0.wp.com\/nuevo.pregen.online\/wp-content\/uploads\/2025\/12\/6.png?w=800&ssl=1 800w, https:\/\/i0.wp.com\/nuevo.pregen.online\/wp-content\/uploads\/2025\/12\/6.png?resize=300%2C300&ssl=1 300w, https:\/\/i0.wp.com\/nuevo.pregen.online\/wp-content\/uploads\/2025\/12\/6.png?resize=150%2C150&ssl=1 150w, https:\/\/i0.wp.com\/nuevo.pregen.online\/wp-content\/uploads\/2025\/12\/6.png?resize=768%2C768&ssl=1 768w, https:\/\/i0.wp.com\/nuevo.pregen.online\/wp-content\/uploads\/2025\/12\/6.png?resize=700%2C700&ssl=1 700w, https:\/\/i0.wp.com\/nuevo.pregen.online\/wp-content\/uploads\/2025\/12\/6.png?resize=600%2C600&ssl=1 600w, https:\/\/i0.wp.com\/nuevo.pregen.online\/wp-content\/uploads\/2025\/12\/6.png?resize=100%2C100&ssl=1 100w\" alt=\"\" \/> <p>El tamizaje visual\u00a0 es una evaluaci\u00f3n temprana y no invasiva que permite detectar a tiempo posibles alteraciones en la visi\u00f3n. A trav\u00e9s de pruebas\u2026","rel":"","context":"Entrada similar","block_context":{"text":"Entrada similar","link":""},"img":{"alt_text":"","src":"","width":0,"height":0},"classes":[]},{"id":876,"url":"https:\/\/www.pregencolombia.com\/site\/tamizaje-auditivo\/","url_meta":{"origin":20,"position":2},"title":"Tamizaje Auditivo","author":"katzarabanda","date":"10\/24\/2025","format":false,"excerpt":"servicios <h2>Tamizaje Auditivo<\/h2> <img data-interaction-id=\"5ed0091\" data-interactions=\"&#x5B;&#x5D;\" id=\"1586\" src=\"https:\/\/www.pregencolombia.com\/site\/wp-content\/uploads\/2025\/12\/7.png\" width=\"800\" height=\"800\" srcset=\"https:\/\/i0.wp.com\/nuevo.pregen.online\/wp-content\/uploads\/2025\/12\/7.png?w=800&ssl=1 800w, https:\/\/i0.wp.com\/nuevo.pregen.online\/wp-content\/uploads\/2025\/12\/7.png?resize=300%2C300&ssl=1 300w, https:\/\/i0.wp.com\/nuevo.pregen.online\/wp-content\/uploads\/2025\/12\/7.png?resize=150%2C150&ssl=1 150w, https:\/\/i0.wp.com\/nuevo.pregen.online\/wp-content\/uploads\/2025\/12\/7.png?resize=768%2C768&ssl=1 768w, https:\/\/i0.wp.com\/nuevo.pregen.online\/wp-content\/uploads\/2025\/12\/7.png?resize=700%2C700&ssl=1 700w, https:\/\/i0.wp.com\/nuevo.pregen.online\/wp-content\/uploads\/2025\/12\/7.png?resize=600%2C600&ssl=1 600w, https:\/\/i0.wp.com\/nuevo.pregen.online\/wp-content\/uploads\/2025\/12\/7.png?resize=100%2C100&ssl=1 100w\" alt=\"\" \/> <p>El tamizaje auditivo para beb\u00e9s es una prueba temprana, r\u00e1pida y no invasiva que permite detectar posibles dificultades auditivas desde los primeros d\u00edas de\u2026","rel":"","context":"Entrada similar","block_context":{"text":"Entrada similar","link":""},"img":{"alt_text":"","src":"","width":0,"height":0},"classes":[]},{"id":878,"url":"https:\/\/www.pregencolombia.com\/site\/optometria-y-audiometria-infantil\/","url_meta":{"origin":20,"position":3},"title":"Optometr\u00eda y Audiometr\u00eda Infantil","author":"katzarabanda","date":"10\/24\/2025","format":false,"excerpt":"servicios <h2>Optometr\u00eda y Audiometr\u00eda para Ni\u00f1as y Ni\u00f1os<\/h2> <img data-interaction-id=\"cbb5cf8\" id=\"2359\" src=\"https:\/\/www.pregencolombia.com\/site\/wp-content\/uploads\/2026\/01\/Screenshot-2026-01-09-at-5.01.56-p.m.png\" width=\"1118\" height=\"1122\" srcset=\"https:\/\/i0.wp.com\/www.pregencolombia.com\/site\/wp-content\/uploads\/2026\/01\/Screenshot-2026-01-09-at-5.01.56-p.m.png?w=1118&ssl=1 1118w, https:\/\/i0.wp.com\/www.pregencolombia.com\/site\/wp-content\/uploads\/2026\/01\/Screenshot-2026-01-09-at-5.01.56-p.m.png?resize=300%2C300&ssl=1 300w, https:\/\/i0.wp.com\/www.pregencolombia.com\/site\/wp-content\/uploads\/2026\/01\/Screenshot-2026-01-09-at-5.01.56-p.m.png?resize=1020%2C1024&ssl=1 1020w, https:\/\/i0.wp.com\/www.pregencolombia.com\/site\/wp-content\/uploads\/2026\/01\/Screenshot-2026-01-09-at-5.01.56-p.m.png?resize=150%2C150&ssl=1 150w, https:\/\/i0.wp.com\/www.pregencolombia.com\/site\/wp-content\/uploads\/2026\/01\/Screenshot-2026-01-09-at-5.01.56-p.m.png?resize=768%2C771&ssl=1 768w, https:\/\/i0.wp.com\/www.pregencolombia.com\/site\/wp-content\/uploads\/2026\/01\/Screenshot-2026-01-09-at-5.01.56-p.m.png?resize=600%2C602&ssl=1 600w, https:\/\/i0.wp.com\/www.pregencolombia.com\/site\/wp-content\/uploads\/2026\/01\/Screenshot-2026-01-09-at-5.01.56-p.m.png?resize=100%2C100&ssl=1 100w\" alt=\"\" \/> <p dir=\"ltr\" data-pm-slice=\"1 1 []\">Los servicios de optometr\u00eda y audiometr\u00eda infantil est\u00e1n enfocados en evaluar y cuidar la salud visual\u2026","rel":"","context":"Entrada similar","block_context":{"text":"Entrada similar","link":""},"img":{"alt_text":"","src":"","width":0,"height":0},"classes":[]},{"id":867,"url":"https:\/\/www.pregencolombia.com\/site\/certificaciones\/","url_meta":{"origin":20,"position":4},"title":"Nuestras Certificaciones","author":"katzarabanda","date":"10\/24\/2025","format":false,"excerpt":"<p data-interaction-id=\"b94713d\" data-interactions=\"&#x5B;&#x5D;\" > Hemos certificado nuestros procesos para garantizar la mejor calidad en los procesos de nuestros ex\u00e1menes. <\/p> <img width=\"533\" height=\"296\" src=\"https:\/\/www.pregencolombia.com\/site\/wp-content\/uploads\/2026\/01\/logos_icontec.png\" alt=\"\" srcset=\"https:\/\/i0.wp.com\/nuevo.pregen.online\/wp-content\/uploads\/2026\/01\/logos_icontec.png?w=533&ssl=1 533w, https:\/\/i0.wp.com\/nuevo.pregen.online\/wp-content\/uploads\/2026\/01\/logos_icontec.png?resize=300%2C167&ssl=1 300w\" sizes=\"(max-width: 533px) 100vw, 533px\" \/> <img data-interaction-id=\"3c58adc\" data-interactions=\"&#x5B;&#x5D;\" id=\"1052\" src=\"https:\/\/www.pregencolombia.com\/site\/wp-content\/uploads\/2025\/10\/Screenshot-2025-10-30-at-1.15.48-a.m-1.png\" width=\"1010\" height=\"1315\" srcset=\"https:\/\/i0.wp.com\/nuevo.pregen.online\/wp-content\/uploads\/2025\/10\/Screenshot-2025-10-30-at-1.15.48-a.m-1.png?w=1010&ssl=1 1010w, https:\/\/i0.wp.com\/nuevo.pregen.online\/wp-content\/uploads\/2025\/10\/Screenshot-2025-10-30-at-1.15.48-a.m-1.png?resize=230%2C300&ssl=1 230w, https:\/\/i0.wp.com\/nuevo.pregen.online\/wp-content\/uploads\/2025\/10\/Screenshot-2025-10-30-at-1.15.48-a.m-1.png?resize=786%2C1024&ssl=1 786w, https:\/\/i0.wp.com\/nuevo.pregen.online\/wp-content\/uploads\/2025\/10\/Screenshot-2025-10-30-at-1.15.48-a.m-1.png?resize=768%2C1000&ssl=1 768w\" alt=\"\"\u2026","rel":"","context":"Entrada similar","block_context":{"text":"Entrada similar","link":""},"img":{"alt_text":"","src":"","width":0,"height":0},"classes":[]},{"id":26,"url":"https:\/\/www.pregencolombia.com\/site\/sobre-nosotros\/","url_meta":{"origin":20,"position":5},"title":"Sobre Nosotros","author":"admin","date":"10\/02\/2025","format":false,"excerpt":"Sobre Pregen Colombia <img width=\"1\" height=\"1\" src=\"https:\/\/www.pregencolombia.com\/site\/wp-content\/uploads\/2026\/01\/LOGO-PREGEN.svg\" alt=\"\" \/> <img width=\"800\" height=\"534\" src=\"https:\/\/www.pregencolombia.com\/site\/wp-content\/uploads\/2025\/10\/pexels-edward-jenner-4031416-1024x683.jpg\" alt=\"\" srcset=\"https:\/\/i0.wp.com\/www.pregencolombia.com\/site\/wp-content\/uploads\/2025\/10\/pexels-edward-jenner-4031416-scaled.jpg?resize=1024%2C683&ssl=1 1024w, https:\/\/i0.wp.com\/www.pregencolombia.com\/site\/wp-content\/uploads\/2025\/10\/pexels-edward-jenner-4031416-scaled.jpg?resize=300%2C200&ssl=1 300w, https:\/\/i0.wp.com\/www.pregencolombia.com\/site\/wp-content\/uploads\/2025\/10\/pexels-edward-jenner-4031416-scaled.jpg?resize=768%2C512&ssl=1 768w, https:\/\/i0.wp.com\/www.pregencolombia.com\/site\/wp-content\/uploads\/2025\/10\/pexels-edward-jenner-4031416-scaled.jpg?resize=1536%2C1024&ssl=1 1536w, https:\/\/i0.wp.com\/www.pregencolombia.com\/site\/wp-content\/uploads\/2025\/10\/pexels-edward-jenner-4031416-scaled.jpg?resize=2048%2C1365&ssl=1 2048w, https:\/\/i0.wp.com\/www.pregencolombia.com\/site\/wp-content\/uploads\/2025\/10\/pexels-edward-jenner-4031416-scaled.jpg?w=1600&ssl=1 1600w, https:\/\/i0.wp.com\/www.pregencolombia.com\/site\/wp-content\/uploads\/2025\/10\/pexels-edward-jenner-4031416-scaled.jpg?w=2400&ssl=1 2400w\" sizes=\"(max-width: 800px) 100vw, 800px\" \/> Establecido en Colombia hace m\u00e1s de 38 a\u00f1os, PREGEN cuenta con amplia experiencia en Tamizaje Neonatal y\u2026","rel":"","context":"Entrada similar","block_context":{"text":"Entrada similar","link":""},"img":{"alt_text":"","src":"https:\/\/i0.wp.com\/www.pregencolombia.com\/site\/wp-content\/uploads\/2025\/10\/pexels-reneterp-325690-1-scaled.jpg?resize=350%2C200&ssl=1","width":350,"height":200,"srcset":"https:\/\/i0.wp.com\/www.pregencolombia.com\/site\/wp-content\/uploads\/2025\/10\/pexels-reneterp-325690-1-scaled.jpg?resize=350%2C200&ssl=1 1x, https:\/\/i0.wp.com\/www.pregencolombia.com\/site\/wp-content\/uploads\/2025\/10\/pexels-reneterp-325690-1-scaled.jpg?resize=525%2C300&ssl=1 1.5x, https:\/\/i0.wp.com\/www.pregencolombia.com\/site\/wp-content\/uploads\/2025\/10\/pexels-reneterp-325690-1-scaled.jpg?resize=700%2C400&ssl=1 2x, https:\/\/i0.wp.com\/www.pregencolombia.com\/site\/wp-content\/uploads\/2025\/10\/pexels-reneterp-325690-1-scaled.jpg?resize=1050%2C600&ssl=1 3x, https:\/\/i0.wp.com\/www.pregencolombia.com\/site\/wp-content\/uploads\/2025\/10\/pexels-reneterp-325690-1-scaled.jpg?resize=1400%2C800&ssl=1 4x"},"classes":[]}],"_links":{"self":[{"href":"https:\/\/www.pregencolombia.com\/site\/wp-json\/wp\/v2\/pages\/20","targetHints":{"allow":["GET"]}}],"collection":[{"href":"https:\/\/www.pregencolombia.com\/site\/wp-json\/wp\/v2\/pages"}],"about":[{"href":"https:\/\/www.pregencolombia.com\/site\/wp-json\/wp\/v2\/types\/page"}],"author":[{"embeddable":true,"href":"https:\/\/www.pregencolombia.com\/site\/wp-json\/wp\/v2\/users\/1"}],"replies":[{"embeddable":true,"href":"https:\/\/www.pregencolombia.com\/site\/wp-json\/wp\/v2\/comments?post=20"}],"version-history":[{"count":80,"href":"https:\/\/www.pregencolombia.com\/site\/wp-json\/wp\/v2\/pages\/20\/revisions"}],"predecessor-version":[{"id":2612,"href":"https:\/\/www.pregencolombia.com\/site\/wp-json\/wp\/v2\/pages\/20\/revisions\/2612"}],"wp:attachment":[{"href":"https:\/\/www.pregencolombia.com\/site\/wp-json\/wp\/v2\/media?parent=20"}],"curies":[{"name":"wp","href":"https:\/\/api.w.org\/{rel}","templated":true}]}}